{"id":76391,"date":"2019-04-03T16:53:00","date_gmt":"2019-04-03T14:53:00","guid":{"rendered":"https:\/\/air-masters.com\/buses-de-soufflage-fr\/pistolet-de-soufflage-a-bec-long-aghm-0-2\/"},"modified":"2019-04-03T16:53:00","modified_gmt":"2019-04-03T14:53:00","slug":"pistolet-de-soufflage-a-bec-long-aghm-0-2","status":"publish","type":"product","link":"https:\/\/air-masters.com\/fr\/buses-de-soufflage\/pistolet-de-soufflage-a-bec-long-aghm-0-2\/","title":{"rendered":"Pistolet de soufflage \u00e0 bec long AGHM-0"},"content":{"rendered":"","protected":false},"excerpt":{"rendered":"<p>Airmasters vous propose une solution simple pour transformer votre pistolet au niveau sonore \u00e9lev\u00e9 en un produit s\u00e9curis\u00e9 et \u00e0 faible niveau sonore.<\/p>\n<p>Il vous suffit de fileter votre pistolet M6 qui vous permettra, gr\u00e2ce \u00e0 notre raccord, d&rsquo;assembler notre buse a faible niveau sonore.<\/p>\n<p>Cette solution vous permet de ne pas alt\u00e9rer les habitudes de vos op\u00e9rateurs, en conservant vos pistolets d&rsquo;origine tout en proposant une solution nouvelle.<\/p>\n<p><strong>Pistolet de soufflage \u00e0 bec long<\/strong> Mod.AGHM-0<\/p>\n<p>Ver aussi:\u00a0<a href=\"https:\/\/www.air-masters.eu\/fr\/74-lames-dair-AIRMASTERS\">LAMES D\u2019AIR AIRMASTERS,<\/a>\u00a0<a href=\"https:\/\/www.air-masters.eu\/fr\/30-amplificateurs-dair\">AMPLIFICATEURS D\u2019AIR\u00a0<\/a>\u00a0<\/p>\n<\/p>\n<p><a style=\"font-family: Verdana, Arial, Helvetica, sans-serif;\" href=\"\/it\/contattaci\"><button class=\"btn btn-default btn-google-plus social-sharing\" type=\"button\">DEMANDEZ CE PRODUIT \u00c0 L\u2019 ESSAI!<\/button><\/a><\/p>\n","protected":false},"featured_media":76366,"template":"","meta":{"_et_pb_use_builder":"","_et_pb_old_content":"","_et_gb_content_width":""},"product_cat":[22141],"product_tag":[],"class_list":{"0":"post-76391","1":"product","2":"type-product","3":"status-publish","4":"has-post-thumbnail","6":"product_cat-buses-de-soufflage","8":"first","9":"instock","10":"shipping-taxable","11":"purchasable","12":"product-type-simple"},"_links":{"self":[{"href":"https:\/\/air-masters.com\/fr\/wp-json\/wp\/v2\/product\/76391"}],"collection":[{"href":"https:\/\/air-masters.com\/fr\/wp-json\/wp\/v2\/product"}],"about":[{"href":"https:\/\/air-masters.com\/fr\/wp-json\/wp\/v2\/types\/product"}],"wp:featuredmedia":[{"embeddable":true,"href":"https:\/\/air-masters.com\/fr\/wp-json\/wp\/v2\/media\/76366"}],"wp:attachment":[{"href":"https:\/\/air-masters.com\/fr\/wp-json\/wp\/v2\/media?parent=76391"}],"wp:term":[{"taxonomy":"product_cat","embeddable":true,"href":"https:\/\/air-masters.com\/fr\/wp-json\/wp\/v2\/product_cat?post=76391"},{"taxonomy":"product_tag","embeddable":true,"href":"https:\/\/air-masters.com\/fr\/wp-json\/wp\/v2\/product_tag?post=76391"}],"curies":[{"name":"wp","href":"https:\/\/api.w.org\/{rel}","templated":true}]}}