{"id":76453,"date":"2019-05-14T09:17:40","date_gmt":"2019-05-14T07:17:40","guid":{"rendered":"https:\/\/air-masters.com\/lames-dair-extra-fr\/lame-d-air-extra-ts06\/"},"modified":"2019-05-14T09:17:40","modified_gmt":"2019-05-14T07:17:40","slug":"lame-d-air-extra-ts06","status":"publish","type":"product","link":"https:\/\/air-masters.com\/fr\/lames-dair-extra\/lame-d-air-extra-ts06\/","title":{"rendered":"Lame d&rsquo;air Extra TS06"},"content":{"rendered":"","protected":false},"excerpt":{"rendered":"<p>Les lames d\u2019air Extra TS sont disponibles avec 2,3, 4 et 6 buses, en version acier inoxydable. Les lames d\u2019air comprim\u00e9 Extra TS remplacent les tubes perfor\u00e9s et r\u00e9duisent significativement le niveau sonore et la consommation d\u2019air, assurant une haute r\u00e9sistance \u00e0 l\u2019usure m\u00e9canique.<\/p>\n<p>Vous pouvez les commander sur mesure sur demande et sans frais suppl\u00e9mentaires.<\/p>\n<p><b>Lame d&rsquo;air Extra mod. TS06<\/b><\/p>\n<\/p>\n<p><a href=\"\/fr\/nous-contacter\"><button class=\"btn btn-default btn-google-plus social-sharing\" type=\"button\">DEMANDEZ CE PRODUIT \u00c0 L\u2019 ESSAI!<\/button><\/a><\/p><\/p>\n","protected":false},"featured_media":76441,"template":"","meta":{"_et_pb_use_builder":"","_et_pb_old_content":"","_et_gb_content_width":""},"product_cat":[22166],"product_tag":[],"class_list":{"0":"post-76453","1":"product","2":"type-product","3":"status-publish","4":"has-post-thumbnail","6":"product_cat-lames-dair-extra","8":"first","9":"instock","10":"shipping-taxable","11":"purchasable","12":"product-type-variable","13":"has-default-attributes"},"_links":{"self":[{"href":"https:\/\/air-masters.com\/fr\/wp-json\/wp\/v2\/product\/76453"}],"collection":[{"href":"https:\/\/air-masters.com\/fr\/wp-json\/wp\/v2\/product"}],"about":[{"href":"https:\/\/air-masters.com\/fr\/wp-json\/wp\/v2\/types\/product"}],"wp:featuredmedia":[{"embeddable":true,"href":"https:\/\/air-masters.com\/fr\/wp-json\/wp\/v2\/media\/76441"}],"wp:attachment":[{"href":"https:\/\/air-masters.com\/fr\/wp-json\/wp\/v2\/media?parent=76453"}],"wp:term":[{"taxonomy":"product_cat","embeddable":true,"href":"https:\/\/air-masters.com\/fr\/wp-json\/wp\/v2\/product_cat?post=76453"},{"taxonomy":"product_tag","embeddable":true,"href":"https:\/\/air-masters.com\/fr\/wp-json\/wp\/v2\/product_tag?post=76453"}],"curies":[{"name":"wp","href":"https:\/\/api.w.org\/{rel}","templated":true}]}}