{"id":77576,"date":"2019-11-29T10:03:54","date_gmt":"2019-11-29T09:03:54","guid":{"rendered":"https:\/\/air-masters.com\/pistolets-de-soufflage-a-air-comprime-fr\/pistolet-de-soufflage-pfs06\/"},"modified":"2019-11-29T10:03:54","modified_gmt":"2019-11-29T09:03:54","slug":"pistolet-de-soufflage-pfs06","status":"publish","type":"product","link":"https:\/\/air-masters.com\/fr\/pistolets-de-soufflage-a-air-comprime\/pistolet-de-soufflage-pfs06\/","title":{"rendered":"Pistolet de soufflage PFS06"},"content":{"rendered":"","protected":false},"excerpt":{"rendered":"<div>Notre gamme de <b>pistolets de soufflage s\u00e9curis\u00e9s \u00e0 air comprim\u00e9<\/b> respecte la norme OSHA. Ils sont disponibles avec diff\u00e9rentes forces de soufflage et \u00e9quip\u00e9s de buses en aluminium ou en acier.<\/div>\n<div><\/div>\n<div>L\u2019utilisation des <b>pistolets de soufflage s\u00e9curis\u00e9s Airmasters<\/b> est id\u00e9ale pour toutes les applications o\u00f9 sont requis une consommation d\u2019air r\u00e9duite un niveau sonore bas.<\/div>\n<div><\/div>\n<div><\/div>\n<div><b>Pistolet de soufflage PFS06<\/b><\/div>\n<div><\/div>\n<p><a href=\"\/it\/contattaci\"><button class=\"btn btn-default btn-google-plus social-sharing\" type=\"button\">DEMANDEZ CE PRODUIT \u00c0 L\u2019 ESSAI!<\/button><\/a><\/p>\n<div id=\"rtcc-nm-installed\"><\/div>\n","protected":false},"featured_media":77566,"template":"","meta":{"_et_pb_use_builder":"","_et_pb_old_content":"","_et_gb_content_width":""},"product_cat":[22196],"product_tag":[],"class_list":{"0":"post-77576","1":"product","2":"type-product","3":"status-publish","4":"has-post-thumbnail","6":"product_cat-pistolets-de-soufflage-a-air-comprime","8":"first","9":"instock","10":"shipping-taxable","11":"purchasable","12":"product-type-variable","13":"has-default-attributes"},"_links":{"self":[{"href":"https:\/\/air-masters.com\/fr\/wp-json\/wp\/v2\/product\/77576"}],"collection":[{"href":"https:\/\/air-masters.com\/fr\/wp-json\/wp\/v2\/product"}],"about":[{"href":"https:\/\/air-masters.com\/fr\/wp-json\/wp\/v2\/types\/product"}],"wp:featuredmedia":[{"embeddable":true,"href":"https:\/\/air-masters.com\/fr\/wp-json\/wp\/v2\/media\/77566"}],"wp:attachment":[{"href":"https:\/\/air-masters.com\/fr\/wp-json\/wp\/v2\/media?parent=77576"}],"wp:term":[{"taxonomy":"product_cat","embeddable":true,"href":"https:\/\/air-masters.com\/fr\/wp-json\/wp\/v2\/product_cat?post=77576"},{"taxonomy":"product_tag","embeddable":true,"href":"https:\/\/air-masters.com\/fr\/wp-json\/wp\/v2\/product_tag?post=77576"}],"curies":[{"name":"wp","href":"https:\/\/api.w.org\/{rel}","templated":true}]}}