{"id":78242,"date":"2020-02-06T15:08:45","date_gmt":"2020-02-06T14:08:45","guid":{"rendered":"https:\/\/air-masters.com\/lames-dair-airmasters-fr\/copy-of-lame-d-air-airmasters-36-914mm\/"},"modified":"2020-02-06T15:08:45","modified_gmt":"2020-02-06T14:08:45","slug":"copy-of-lame-d-air-airmasters-36-914mm","status":"publish","type":"product","link":"https:\/\/air-masters.com\/fr\/lames-dair-airmasters\/copy-of-lame-d-air-airmasters-36-914mm\/","title":{"rendered":"Lame d&rsquo;air AIRMASTERS 48-1219mm"},"content":{"rendered":"","protected":false},"excerpt":{"rendered":"<p>La<b>\u00a0lame d\u2019air<\/b>\u00a0AIRMASTERS \u00e0 air comprim\u00e9 est facile d\u2019installation et d\u2019entretien et\u00a0permet une forte r\u00e9duction du niveau sonore et de la consommation\u00a0<b>d\u2019air comprim\u00e9<\/b>, tout en fournissant la solution id\u00e9ale de soufflage. La<b>\u00a0lame d\u2019air<\/b>\u00a0AIRMASTERS produit sur toute sa longueur un flux d\u2019air laminaire gr\u00e2ce \u00e0 l\u2018effet Coanda qui entraine un grand volume d\u2019air de la zone environnante avec une petite quantit\u00e9 d\u2019air comprim\u00e9 pour produire un d\u00e9bit jusqu&rsquo;\u00e0 40 fois plus important. Les \u00e9conomies d\u2019air comprim\u00e9 r\u00e9alis\u00e9es peuvent apporter sur certaines applications un retour sur investissement en quelques semaines seulement. Disponible en aluminium anodis\u00e9 et acier inoxydable. L\u2019aluminium anodis\u00e9 peut dans certaines applications remplacer l\u2019acier, et constitue ainsi une solution moins on\u00e9reuse. Pour chaque version, un kit de raccord est disponible pour l\u2019assemblement de plusieurs lames, garantissant l\u2019uniformit\u00e9 du flux. Les c\u00e2les internes sont fabriqu\u00e9es exclusivement en acier inoxydable.<\/p>\n<p><b>La lame d\u2019air\u00a0<\/b>Mod. AIRMASTERS 48-1219mm<\/p>\n<p>Ver aussi:\u00a0<a href=\"https:\/\/www.air-masters.eu\/fr\/76-lames-dair-standard\">LAMES D\u2019AIR STANDARD<\/a>,\u00a0<a href=\"https:\/\/www.air-masters.eu\/fr\/75-lames-dair-extra\">LAMES D\u2019AIR EXTRA <\/a><\/p>\n<\/p>\n<p><a href=\"\/fr\/nous-contacter\"><button class=\"btn btn-default btn-google-plus social-sharing\" type=\"button\">DEMANDEZ CE PRODUIT \u00c0 L\u2019 ESSAI!<\/button><\/a><\/p>\n<div id=\"rtcc-nm-installed\"><\/div>\n<div id=\"rtcc-nm-installed\"><\/div>\n<div id=\"rtcc-nm-installed\"><\/div>\n<div id=\"rtcc-nm-installed\"><\/div>\n<div id=\"rtcc-nm-installed\"><\/div>\n<div id=\"rtcc-nm-installed\"><\/div>\n<div id=\"rtcc-nm-installed\"><\/div>\n<div id=\"rtcc-nm-installed\"><\/div>\n<div id=\"rtcc-nm-installed\"><\/div>\n<div id=\"rtcc-nm-installed\"><\/div>\n<div id=\"rtcc-nm-installed\"><\/div>\n<div id=\"rtcc-nm-installed\"><\/div>\n","protected":false},"featured_media":78211,"template":"","meta":{"_et_pb_use_builder":"","_et_pb_old_content":"","_et_gb_content_width":""},"product_cat":[22136],"product_tag":[],"class_list":{"0":"post-78242","1":"product","2":"type-product","3":"status-publish","4":"has-post-thumbnail","6":"product_cat-lames-dair-airmasters","8":"first","9":"instock","10":"shipping-taxable","11":"purchasable","12":"product-type-variable","13":"has-default-attributes"},"_links":{"self":[{"href":"https:\/\/air-masters.com\/fr\/wp-json\/wp\/v2\/product\/78242"}],"collection":[{"href":"https:\/\/air-masters.com\/fr\/wp-json\/wp\/v2\/product"}],"about":[{"href":"https:\/\/air-masters.com\/fr\/wp-json\/wp\/v2\/types\/product"}],"wp:featuredmedia":[{"embeddable":true,"href":"https:\/\/air-masters.com\/fr\/wp-json\/wp\/v2\/media\/78211"}],"wp:attachment":[{"href":"https:\/\/air-masters.com\/fr\/wp-json\/wp\/v2\/media?parent=78242"}],"wp:term":[{"taxonomy":"product_cat","embeddable":true,"href":"https:\/\/air-masters.com\/fr\/wp-json\/wp\/v2\/product_cat?post=78242"},{"taxonomy":"product_tag","embeddable":true,"href":"https:\/\/air-masters.com\/fr\/wp-json\/wp\/v2\/product_tag?post=78242"}],"curies":[{"name":"wp","href":"https:\/\/api.w.org\/{rel}","templated":true}]}}