{"id":78320,"date":"2020-02-12T11:33:27","date_gmt":"2020-02-12T10:33:27","guid":{"rendered":"https:\/\/air-masters.com\/amplificateurs-dair-fr\/amplificateur-dair-comprime-air-amp00\/"},"modified":"2020-02-12T11:33:27","modified_gmt":"2020-02-12T10:33:27","slug":"amplificateur-dair-comprime-air-amp00","status":"publish","type":"product","link":"https:\/\/air-masters.com\/fr\/amplificateurs-dair\/amplificateur-dair-comprime-air-amp00\/","title":{"rendered":"Amplificateur d\u2019air comprim\u00e9 AIR-AMP00"},"content":{"rendered":"","protected":false},"excerpt":{"rendered":"<p>Les<b>\u00a0amplificateurs d\u2019air<\/b>\u00a0<b>comprim\u00e9<\/b>\u00a0sont des dispositifs simples, peu couteux, sans entretien, qui \u00e9vacuent vapeurs, fum\u00e9es, ou mat\u00e9riaux l\u00e9gers et d\u00e9placent un large volume d\u2019air pour le refroidissement, le nettoyage et le s\u00e9chage.\u00a0<b>Les amplificateurs d\u2019air\u00a0<\/b>utilisent l\u2019effet COANDA qui entraine un grand volume d\u2019air de la zone environnante avec une petite quantit\u00e9 d\u2019air comprim\u00e9.<\/p>\n<p>Ce qui r\u00e9sulte en une\u00a0<b>amplification du flux d\u2019air 17 fois sup\u00e9rieure<\/b>, voir plus (selon la taille) avec un niveau sonore r\u00e9duit. Fonctionnant exclusivement \u00e0 l\u2019<b>air comprim\u00e9<\/b>, le d\u00e9bit de sortie et l\u2019aspiration peuvent \u00eatre facilement contr\u00f4l\u00e9s en ajustant ou en ouvrant les ouvertures d\u2019air ou la pression d\u2019entr\u00e9e. Chaque extr\u00e9mit\u00e9 de l\u2019amplificateur peut \u00eatre raccord\u00e9e afin de convenir \u00e0 toute sorte d\u2019application, tel que convoyer de l\u2019air froid dans une zone, ou \u00e9vacuer des vapeurs toxiques. M\u00e9fiez vous de certains rapports d\u2019amplification totalement irr\u00e9alistes ou infond\u00e9s fournis par certaines soci\u00e9t\u00e9s. Les<b>\u00a0amplificateurs d\u2019air\u00a0<b>comprim\u00e9\u00a0<\/b><\/b>son disponible en acier inoxydable dans sa version r\u00e9glables.<\/p>\n<p><b>Amplificateurs d\u2019air\u00a0<b>comprim\u00e9\u00a0<\/b><\/b>Mod. AIR-AMP00<\/p>\n<p>Ver aussi:\u00a0<a href=\"https:\/\/www.air-masters.eu\/fr\/17-buses-de-soufflage\">BUSES DE SOUFFLAGE\u00a0<\/a>,\u00a0<a href=\"https:\/\/www.air-masters.eu\/fr\/74-lames-dair-AIRMASTERS\">LAMES D\u2019AIR AIRMASTERS\u00a0<\/a><\/p>\n<\/p>\n<p><a href=\"\/it\/contattaci\"><button class=\"btn btn-default btn-google-plus social-sharing\" type=\"button\">DEMANDEZ CE PRODUIT \u00c0 L\u2019 ESSAI!<\/button><\/a><\/p>\n<p><a href=\"http:\/\/www.air-masters.eu\/it\/index.php?controller=attachment&amp;id_attachment=97\"><button class=\"btn btn-warning btn-xs\" type=\"button\">Fiche Technique<\/button><\/a>\u00a0<a href=\"http:\/\/www.air-masters.eu\/it\/index.php?controller=attachment&amp;id_attachment=99\"><button class=\"btn btn-primary btn-xs\" type=\"button\">Outline Pdf<\/button><\/a>\u00a0<button class=\"btn btn-danger btn-xs\" type=\"button\"><\/button><\/p>\n<\/p>\n<div id=\"rtcc-nm-installed\"><\/div>\n<div><\/div>\n<div><\/div>\n<div><\/div>\n","protected":false},"featured_media":78301,"template":"","meta":{"_et_pb_use_builder":"","_et_pb_old_content":"","_et_gb_content_width":""},"product_cat":[22146],"product_tag":[],"class_list":{"0":"post-78320","1":"product","2":"type-product","3":"status-publish","4":"has-post-thumbnail","6":"product_cat-amplificateurs-dair","8":"first","9":"instock","10":"shipping-taxable","11":"purchasable","12":"product-type-variable","13":"has-default-attributes"},"_links":{"self":[{"href":"https:\/\/air-masters.com\/fr\/wp-json\/wp\/v2\/product\/78320"}],"collection":[{"href":"https:\/\/air-masters.com\/fr\/wp-json\/wp\/v2\/product"}],"about":[{"href":"https:\/\/air-masters.com\/fr\/wp-json\/wp\/v2\/types\/product"}],"wp:featuredmedia":[{"embeddable":true,"href":"https:\/\/air-masters.com\/fr\/wp-json\/wp\/v2\/media\/78301"}],"wp:attachment":[{"href":"https:\/\/air-masters.com\/fr\/wp-json\/wp\/v2\/media?parent=78320"}],"wp:term":[{"taxonomy":"product_cat","embeddable":true,"href":"https:\/\/air-masters.com\/fr\/wp-json\/wp\/v2\/product_cat?post=78320"},{"taxonomy":"product_tag","embeddable":true,"href":"https:\/\/air-masters.com\/fr\/wp-json\/wp\/v2\/product_tag?post=78320"}],"curies":[{"name":"wp","href":"https:\/\/api.w.org\/{rel}","templated":true}]}}