{"id":78733,"date":"2020-03-12T09:46:32","date_gmt":"2020-03-12T08:46:32","guid":{"rendered":"https:\/\/air-masters.com\/lames-dair-airmasters-fr\/lame-d-air-airmasters-plus-36-914mm\/"},"modified":"2020-03-12T09:46:32","modified_gmt":"2020-03-12T08:46:32","slug":"lame-d-air-airmasters-plus-36-914mm","status":"publish","type":"product","link":"https:\/\/air-masters.com\/fr\/lames-dair-airmasters\/lame-d-air-airmasters-plus-36-914mm\/","title":{"rendered":"Lame d&rsquo;air AIRMASTERS+ 36-914mm"},"content":{"rendered":"","protected":false},"excerpt":{"rendered":"<div style=\"word-wrap: break-word; -webkit-nbsp-mode: space;\">Les\u00a0<strong>lames d&rsquo;air\u00a0<\/strong>Airmasters+ ont \u00e9t\u00e9 sp\u00e9cialement \u00e9tudi\u00e9es pour toutes les applications n\u00e9cessitant une force de soufflage \u00e9lev\u00e9e, tout en garantissant une r\u00e9duction significative de la consommation\u00a0d\u2019air comprim\u00e9 et du niveau sonore.\u00a0<\/div>\n<div style=\"word-wrap: break-word; -webkit-nbsp-mode: space;\"><\/div>\n<div style=\"word-wrap: break-word; -webkit-nbsp-mode: space;\">Fabriqu\u00e9e en Italie \u00e0 l\u2019aide de machines de haute pr\u00e9cision et avec tout le savoir faire, la\u00a0<strong>lame d\u2019air\u00a0<\/strong>Airmasters+ garantit un flux et une force de soufflage uniformes sur toute la lame, gr\u00e2ce \u00e0 l\u2019effet Coanda, qui permet de\u00a0produire avec une petite quantit\u00e9 d\u2019air initiale, un volume jusqu\u2019\u00e0 50 fois plus important,\u00a0r\u00e9sultant ainsi \u00e0 \u00eatre la seule lame au monde \u00e0 pouvoir apporter un rapport de 1:50!\u00a0Notre design exclusif et brevet\u00e9, permet un transport de l\u2019air constant plus \u00e9l\u00e9v\u00e9 par rapport aux lames traditionnelles.\u00a0Les\u00a0<strong>lames d\u2019air \u00e0 air comprim\u00e9<\/strong>\u00a0pour le soufflage\u00a0Airmasters+ sont r\u00e9alis\u00e9es en aluminium anodis\u00e9 pour une dur\u00e9e de vie prolong\u00e9e et sont fournies avec une cale en acier inoxydable.\u00a0Les\u00a0<strong>lames d\u2019air \u00e0 air comprim\u00e9\u00a0<\/strong>Airmasters+\u00a0sont faciles d\u2019installation et d\u2019entretien.\u00a0Les mod\u00e8les en acier inoxydable sont disponibles pour les applications \u00e0 temp\u00e9rature \u00e9lev\u00e9e ou pour les environnements corrosifs.\u00a0Pour chaque version, un kit de raccord est disponible pour l\u2019assemblement de plusieurs lames, garantissant l\u2019uniformit\u00e9 du flux. Brevet\u00e9<\/div>\n<p><b>La lame d\u2019air\u00a0<\/b>Mod. AIRMASTERS+ 36-914mm<\/p>\n<p>Ver aussi:\u00a0<a href=\"https:\/\/www.air-masters.eu\/fr\/76-lames-dair-standard\">LAMES D\u2019AIR STANDARD<\/a>,\u00a0<a href=\"https:\/\/www.air-masters.eu\/fr\/75-lames-dair-extra\">LAMES D\u2019AIR EXTRA <\/a><\/p>\n<\/p>\n<p><a href=\"\/fr\/nous-contacter\"><button class=\"btn btn-default btn-google-plus social-sharing\" type=\"button\">DEMANDEZ CE PRODUIT \u00c0 L\u2019 ESSAI!<\/button><\/a><\/p>\n<div id=\"rtcc-nm-installed\"><\/div>\n<div id=\"rtcc-nm-installed\"><\/div>\n<div id=\"rtcc-nm-installed\"><\/div>\n<div id=\"rtcc-nm-installed\"><\/div>\n<div id=\"rtcc-nm-installed\"><\/div>\n<div id=\"rtcc-nm-installed\"><\/div>\n<div id=\"rtcc-nm-installed\"><\/div>\n<div id=\"rtcc-nm-installed\"><\/div>\n<div id=\"rtcc-nm-installed\"><\/div>\n<div id=\"rtcc-nm-installed\"><\/div>\n<div id=\"rtcc-nm-installed\"><\/div>\n<div id=\"rtcc-nm-installed\"><\/div>\n<div id=\"rtcc-nm-installed\"><\/div>\n<div id=\"rtcc-nm-installed\"><\/div>\n<div id=\"rtcc-nm-installed\"><\/div>\n<div id=\"rtcc-nm-installed\"><\/div>\n<div id=\"rtcc-nm-installed\"><\/div>\n","protected":false},"featured_media":78721,"template":"","meta":{"_et_pb_use_builder":"","_et_pb_old_content":"","_et_gb_content_width":""},"product_cat":[22136],"product_tag":[],"class_list":{"0":"post-78733","1":"product","2":"type-product","3":"status-publish","4":"has-post-thumbnail","6":"product_cat-lames-dair-airmasters","8":"first","9":"instock","10":"shipping-taxable","11":"purchasable","12":"product-type-variable","13":"has-default-attributes"},"_links":{"self":[{"href":"https:\/\/air-masters.com\/fr\/wp-json\/wp\/v2\/product\/78733"}],"collection":[{"href":"https:\/\/air-masters.com\/fr\/wp-json\/wp\/v2\/product"}],"about":[{"href":"https:\/\/air-masters.com\/fr\/wp-json\/wp\/v2\/types\/product"}],"wp:featuredmedia":[{"embeddable":true,"href":"https:\/\/air-masters.com\/fr\/wp-json\/wp\/v2\/media\/78721"}],"wp:attachment":[{"href":"https:\/\/air-masters.com\/fr\/wp-json\/wp\/v2\/media?parent=78733"}],"wp:term":[{"taxonomy":"product_cat","embeddable":true,"href":"https:\/\/air-masters.com\/fr\/wp-json\/wp\/v2\/product_cat?post=78733"},{"taxonomy":"product_tag","embeddable":true,"href":"https:\/\/air-masters.com\/fr\/wp-json\/wp\/v2\/product_tag?post=78733"}],"curies":[{"name":"wp","href":"https:\/\/api.w.org\/{rel}","templated":true}]}}