{"id":78926,"date":"2020-03-24T16:10:38","date_gmt":"2020-03-24T15:10:38","guid":{"rendered":"https:\/\/air-masters.com\/accessoires-fr\/filtre-air-ib-cyclone\/"},"modified":"2024-07-31T13:21:41","modified_gmt":"2024-07-31T11:21:41","slug":"filtre-air-ib-cyclone","status":"publish","type":"product","link":"https:\/\/air-masters.com\/fr\/accessoires\/filtre-air-ib-cyclone\/","title":{"rendered":"Filtre Air iB Cyclone"},"content":{"rendered":"","protected":false},"excerpt":{"rendered":"<p>Le <a href=\"https:\/\/air-masters.com\/fr\/accessoires\/\"><strong>filtre \u00e0 air<\/strong><\/a> IB-Cyclone utilise un syst\u00e8me cyclonique \u00e0 haute vitesse pour maintenir le taux de filtration de l\u2019eau (drainage) m\u00eame lors de l\u2019augmentation du flux.<\/p>\n<p>Le taux de filtration est toujours constant, depuis un d\u00e9bit faible ou \u00e9lev\u00e9.<\/p>\n<p>Efficacit\u00e9 de 99% en mati\u00e8re de filtration.<\/p>\n<p><strong>Filtre \u00e0 air<\/strong> Mod. IB- Cyclone.<\/p>\n","protected":false},"featured_media":78911,"template":"","meta":{"_et_pb_use_builder":"","_et_pb_old_content":"","_et_gb_content_width":""},"product_cat":[22216],"product_tag":[],"class_list":{"0":"post-78926","1":"product","2":"type-product","3":"status-publish","4":"has-post-thumbnail","6":"product_cat-accessoires","8":"first","9":"instock","10":"shipping-taxable","11":"purchasable","12":"product-type-simple"},"_links":{"self":[{"href":"https:\/\/air-masters.com\/fr\/wp-json\/wp\/v2\/product\/78926"}],"collection":[{"href":"https:\/\/air-masters.com\/fr\/wp-json\/wp\/v2\/product"}],"about":[{"href":"https:\/\/air-masters.com\/fr\/wp-json\/wp\/v2\/types\/product"}],"wp:featuredmedia":[{"embeddable":true,"href":"https:\/\/air-masters.com\/fr\/wp-json\/wp\/v2\/media\/78911"}],"wp:attachment":[{"href":"https:\/\/air-masters.com\/fr\/wp-json\/wp\/v2\/media?parent=78926"}],"wp:term":[{"taxonomy":"product_cat","embeddable":true,"href":"https:\/\/air-masters.com\/fr\/wp-json\/wp\/v2\/product_cat?post=78926"},{"taxonomy":"product_tag","embeddable":true,"href":"https:\/\/air-masters.com\/fr\/wp-json\/wp\/v2\/product_tag?post=78926"}],"curies":[{"name":"wp","href":"https:\/\/api.w.org\/{rel}","templated":true}]}}