{"id":79241,"date":"2020-05-15T11:21:09","date_gmt":"2020-05-15T09:21:09","guid":{"rendered":"https:\/\/air-masters.com\/pistolets-de-soufflage-a-air-comprime-fr\/boite-pistolet-de-soufflage-a-bec-long-air-boxag10\/"},"modified":"2020-05-15T11:21:09","modified_gmt":"2020-05-15T09:21:09","slug":"boite-pistolet-de-soufflage-a-bec-long-air-boxag10","status":"publish","type":"product","link":"https:\/\/air-masters.com\/fr\/pistolets-de-soufflage-a-air-comprime\/boite-pistolet-de-soufflage-a-bec-long-air-boxag10\/","title":{"rendered":"Bo\u00eete pistolet de soufflage \u00e0 bec long AIR-BOXAG10"},"content":{"rendered":"","protected":false},"excerpt":{"rendered":"<p><b>Bo\u00eete pistolet de soufflage \u00e0 bec long <\/b>Mod. AIR-BOXAG10<\/p>\n","protected":false},"featured_media":79236,"template":"","meta":{"_et_pb_use_builder":"","_et_pb_old_content":"","_et_gb_content_width":""},"product_cat":[22196],"product_tag":[],"class_list":{"0":"post-79241","1":"product","2":"type-product","3":"status-publish","4":"has-post-thumbnail","6":"product_cat-pistolets-de-soufflage-a-air-comprime","8":"first","9":"instock","10":"shipping-taxable","11":"purchasable","12":"product-type-simple"},"_links":{"self":[{"href":"https:\/\/air-masters.com\/fr\/wp-json\/wp\/v2\/product\/79241"}],"collection":[{"href":"https:\/\/air-masters.com\/fr\/wp-json\/wp\/v2\/product"}],"about":[{"href":"https:\/\/air-masters.com\/fr\/wp-json\/wp\/v2\/types\/product"}],"wp:featuredmedia":[{"embeddable":true,"href":"https:\/\/air-masters.com\/fr\/wp-json\/wp\/v2\/media\/79236"}],"wp:attachment":[{"href":"https:\/\/air-masters.com\/fr\/wp-json\/wp\/v2\/media?parent=79241"}],"wp:term":[{"taxonomy":"product_cat","embeddable":true,"href":"https:\/\/air-masters.com\/fr\/wp-json\/wp\/v2\/product_cat?post=79241"},{"taxonomy":"product_tag","embeddable":true,"href":"https:\/\/air-masters.com\/fr\/wp-json\/wp\/v2\/product_tag?post=79241"}],"curies":[{"name":"wp","href":"https:\/\/api.w.org\/{rel}","templated":true}]}}