{"id":79803,"date":"2021-06-07T11:51:02","date_gmt":"2021-06-07T09:51:02","guid":{"rendered":"https:\/\/air-masters.com\/lames-dair-extra-fr\/lame-d-air-extra-air-zpe346\/"},"modified":"2021-06-07T11:51:02","modified_gmt":"2021-06-07T09:51:02","slug":"lame-d-air-extra-air-zpe346","status":"publish","type":"product","link":"https:\/\/air-masters.com\/fr\/lames-dair-extra\/lame-d-air-extra-air-zpe346\/","title":{"rendered":"Lame d&rsquo;air Extra AIR-ZPE346"},"content":{"rendered":"","protected":false},"excerpt":{"rendered":"<p><strong>Les lames d\u2019air Extra ZP<\/strong> sont disponibles avec 2,3, 4 et 6 buses, en version aluminium et sont fabriqu\u00e9es en Italie. Les lames d\u2019air comprim\u00e9 Extra ZP remplacent les tubes perfor\u00e9s et r\u00e9duisent significativement le niveau sonore et la consommation d\u2019air, assurant une haute r\u00e9sistance \u00e0 l\u2019usure m\u00e9canique.<\/p>\n<p>Vous pouvez les commander sur mesure sur demande et sans frais suppl\u00e9mentaires.<\/p>\n<p>Lame d\u2019air Extra ZP <strong>Mod. AIR-ZPE346<\/strong><\/p>\n<p><a href=\"\/fr\/nous-contacter\"><button class=\"btn btn-default btn-google-plus social-sharing\" type=\"button\">DEMANDEZ CE PRODUIT \u00c0 L\u2019 ESSAI!<\/button><\/a><\/p><\/p>\n","protected":false},"featured_media":79796,"template":"","meta":{"_et_pb_use_builder":"","_et_pb_old_content":"","_et_gb_content_width":""},"product_cat":[22166],"product_tag":[],"class_list":{"0":"post-79803","1":"product","2":"type-product","3":"status-publish","4":"has-post-thumbnail","6":"product_cat-lames-dair-extra","8":"first","9":"instock","10":"shipping-taxable","11":"purchasable","12":"product-type-variable","13":"has-default-attributes"},"_links":{"self":[{"href":"https:\/\/air-masters.com\/fr\/wp-json\/wp\/v2\/product\/79803"}],"collection":[{"href":"https:\/\/air-masters.com\/fr\/wp-json\/wp\/v2\/product"}],"about":[{"href":"https:\/\/air-masters.com\/fr\/wp-json\/wp\/v2\/types\/product"}],"wp:featuredmedia":[{"embeddable":true,"href":"https:\/\/air-masters.com\/fr\/wp-json\/wp\/v2\/media\/79796"}],"wp:attachment":[{"href":"https:\/\/air-masters.com\/fr\/wp-json\/wp\/v2\/media?parent=79803"}],"wp:term":[{"taxonomy":"product_cat","embeddable":true,"href":"https:\/\/air-masters.com\/fr\/wp-json\/wp\/v2\/product_cat?post=79803"},{"taxonomy":"product_tag","embeddable":true,"href":"https:\/\/air-masters.com\/fr\/wp-json\/wp\/v2\/product_tag?post=79803"}],"curies":[{"name":"wp","href":"https:\/\/api.w.org\/{rel}","templated":true}]}}