{"id":80096,"date":"2022-01-12T19:19:44","date_gmt":"2022-01-12T18:19:44","guid":{"rendered":"https:\/\/air-masters.com\/pistolets-de-soufflage-a-air-comprime-fr\/airmasters-blowing-cannon-air-bc68\/"},"modified":"2022-01-12T19:19:44","modified_gmt":"2022-01-12T18:19:44","slug":"airmasters-blowing-cannon-air-bc68","status":"publish","type":"product","link":"https:\/\/air-masters.com\/fr\/pistolets-de-soufflage-a-air-comprime\/airmasters-blowing-cannon-air-bc68\/","title":{"rendered":"Airmasters Blowing Cannon AIR-BC68"},"content":{"rendered":"","protected":false},"excerpt":{"rendered":"<p>Airmasters Blowing Cannon fournit la force de soufflage la plus puissante, id\u00e9al pour les longues distances, les applications de soufflage, de refroidissement et de s\u00e9chage avec une buse en acier inoxydable et r\u00e9sistant aux chocs.<\/p>\n<p>La soupape \u00e0 ressort coupe instantan\u00e9ment l\u2019alimentation en air si le pistolet \u00e0 air comprim\u00e9 est rel\u00e2ch\u00e9 afin que les op\u00e9rateurs puissent travailler en toute s\u00e9curit\u00e9.<\/p>\n<p>Extension 300mm avec poign\u00e9e en caoutchouc.<\/p>\n<p><button class=\"btn btn-default btn-google-plus social-sharing\" type=\"button\"><a href=\"\/fr\/nous-contacter\">Demandez ce produit \u00e0 l\u2019 essai!<\/a><\/button><\/p>\n","protected":false},"featured_media":80086,"template":"","meta":{"_et_pb_use_builder":"","_et_pb_old_content":"","_et_gb_content_width":""},"product_cat":[22196],"product_tag":[],"class_list":{"0":"post-80096","1":"product","2":"type-product","3":"status-publish","4":"has-post-thumbnail","6":"product_cat-pistolets-de-soufflage-a-air-comprime","8":"first","9":"instock","10":"shipping-taxable","11":"purchasable","12":"product-type-variable","13":"has-default-attributes"},"_links":{"self":[{"href":"https:\/\/air-masters.com\/fr\/wp-json\/wp\/v2\/product\/80096"}],"collection":[{"href":"https:\/\/air-masters.com\/fr\/wp-json\/wp\/v2\/product"}],"about":[{"href":"https:\/\/air-masters.com\/fr\/wp-json\/wp\/v2\/types\/product"}],"wp:featuredmedia":[{"embeddable":true,"href":"https:\/\/air-masters.com\/fr\/wp-json\/wp\/v2\/media\/80086"}],"wp:attachment":[{"href":"https:\/\/air-masters.com\/fr\/wp-json\/wp\/v2\/media?parent=80096"}],"wp:term":[{"taxonomy":"product_cat","embeddable":true,"href":"https:\/\/air-masters.com\/fr\/wp-json\/wp\/v2\/product_cat?post=80096"},{"taxonomy":"product_tag","embeddable":true,"href":"https:\/\/air-masters.com\/fr\/wp-json\/wp\/v2\/product_tag?post=80096"}],"curies":[{"name":"wp","href":"https:\/\/api.w.org\/{rel}","templated":true}]}}