{"id":80118,"date":"2023-11-16T12:41:34","date_gmt":"2023-11-16T11:41:34","guid":{"rendered":"https:\/\/air-masters.com\/?post_type=product&#038;p=80118"},"modified":"2023-11-16T12:41:38","modified_gmt":"2023-11-16T11:41:38","slug":"buse-de-soufflage-air-m124s","status":"publish","type":"product","link":"https:\/\/air-masters.com\/fr\/buses-de-soufflage\/buse-de-soufflage-air-m124s\/","title":{"rendered":"Buse de soufflage AIR-M124S"},"content":{"rendered":"","protected":false},"excerpt":{"rendered":"<p>La gamme de\u00a0<b>buses de soufflage \u00e0 air comprim\u00e9<\/b>\u00a0Airmasters est la plus vaste au monde!! Pr\u00e9cises, les\u00a0<b>buses de soufflage \u00e0 air comprim\u00e9<\/b>\u00a0sont particuli\u00e8rement adapt\u00e9es pour apporter une dimension technique au soufflage ou pour r\u00e9gler les probl\u00e9matiques de niveau sonore et de consommation d\u2019air \u00e9lev\u00e9s. Soufflage, nettoyage et tri sont parmi les quelques exemples d\u2019utilisation possible avec nos\u00a0<b>buses de soufflage \u00e0 air comprim\u00e9.<\/b><\/p>\n<p>Economies: Notre gamme de\u00a0<b>buses de soufflage \u00e0 air comprim\u00e9<\/b>\u00a0remplace les tuyaux ouverts de 2mm \u00e0 25mm, permettant des \u00e9conomies d\u2019\u00e9nergie importantes, et un retour sur investissement en quelques semaines seulement. Il vous suffit de nous communiquer les dimensions des tuyaux ouverts utilis\u00e9s ou bien de contacter notre \u00e9quipe technique pour obtenir le calcul des \u00e9conomies d\u2019air r\u00e9alisables. Nos\u00a0<b>buses de soufflage \u00e0 air comprim\u00e9<\/b>\u00a0sont disponibles en acier 316L, acier 304, aluminium ou zinc.<\/p>\n<p>S\u00e9curit\u00e9:\u00a0Toutes nos\u00a0<b>buses\u00a0<b>de soufflage<\/b>\u00a0\u00e0 air comprim\u00e9<\/b>\u00a0respectent les normatives OSHA et SUVA, ce qui implique que lors du contact avec la peau de l\u2019op\u00e9rateur, l\u2019air sortant ne doit pas d\u00e9passer une pression sup\u00e9rieure \u00e0 2, 1 Bar, \u00e9liminant ainsi tout risque embolique dans le cas ou l\u2019air p\u00e9n\u00e8trerait la peau par une plaie ouverte.<\/p>\n<p>Niveau sonore<b>:\u00a0<\/b>Les\u00a0<b>buses de soufflage \u00e0 air comprim\u00e9<\/b>\u00a0\u00e0 air comprim\u00e9\u00a0<b>Airmasters<\/b>\u00a0\u00a0garantissent une r\u00e9duction du niveau sonore de plus de 50% par rapport \u00e0 un tuyau ouvert ou un dispositif maison. Contactez nous pour un essai!!\u00a0<b>Buses de soufflage \u00e0 air comprim\u00e9<\/b>\u00a0brevet\u00e9e.<\/p>\n<p><b>Buse de soufflage \u00e0 air comprim\u00e9<\/b>\u00a0Mod. AIR-M124S<\/p>\n<p>Ver aussi:\u00a0<a href=\"https:\/\/www.air-masters.eu\/fr\/74-lames-dair-AIRMASTERS\">LAMES D\u2019AIR AIRMASTERS,<\/a>\u00a0<a href=\"https:\/\/www.air-masters.eu\/fr\/30-amplificateurs-dair\">AMPLIFICATEURS D\u2019AIR\u00a0<\/a>\u00a0<\/p>\n<p><a href=\"\/it\/contattaci\"><button class=\"btn btn-default btn-google-plus social-sharing\" type=\"button\">DEMANDEZ CE PRODUIT \u00c0 L\u2019 ESSAI!<\/button><\/a><\/p>\n<p><a href=\"http:\/\/www.air-masters.eu\/it\/index.php?controller=attachment&amp;id_attachment=133\"><button class=\"btn btn-warning btn-xs\" type=\"button\">Fiche Technique<\/button><\/a>\u00a0<a href=\"http:\/\/www.air-masters.eu\/it\/index.php?controller=attachment&amp;id_attachment=135\"><button class=\"btn btn-primary btn-xs\" type=\"button\">Outline Pdf<\/button><\/a>\u00a0<button class=\"btn btn-danger btn-xs\" type=\"button\"><\/button><\/p>\n<\/p>\n<div id=\"rtcc-nm-installed\"><\/div>\n<div id=\"gtx-trans\">\n<div class=\"gtx-trans-icon\"><\/div>\n<\/p><\/div>\n","protected":false},"featured_media":68628,"template":"","meta":{"_et_pb_use_builder":"","_et_pb_old_content":"","_et_gb_content_width":""},"product_cat":[22141],"product_tag":[],"class_list":{"0":"post-80118","1":"product","2":"type-product","3":"status-publish","4":"has-post-thumbnail","6":"product_cat-buses-de-soufflage","8":"first","9":"instock","10":"shipping-taxable","11":"purchasable","12":"product-type-variable","13":"has-default-attributes"},"_links":{"self":[{"href":"https:\/\/air-masters.com\/fr\/wp-json\/wp\/v2\/product\/80118"}],"collection":[{"href":"https:\/\/air-masters.com\/fr\/wp-json\/wp\/v2\/product"}],"about":[{"href":"https:\/\/air-masters.com\/fr\/wp-json\/wp\/v2\/types\/product"}],"wp:featuredmedia":[{"embeddable":true,"href":"https:\/\/air-masters.com\/fr\/wp-json\/wp\/v2\/media\/68628"}],"wp:attachment":[{"href":"https:\/\/air-masters.com\/fr\/wp-json\/wp\/v2\/media?parent=80118"}],"wp:term":[{"taxonomy":"product_cat","embeddable":true,"href":"https:\/\/air-masters.com\/fr\/wp-json\/wp\/v2\/product_cat?post=80118"},{"taxonomy":"product_tag","embeddable":true,"href":"https:\/\/air-masters.com\/fr\/wp-json\/wp\/v2\/product_tag?post=80118"}],"curies":[{"name":"wp","href":"https:\/\/api.w.org\/{rel}","templated":true}]}}