{"id":84053,"date":"2024-04-18T10:06:17","date_gmt":"2024-04-18T08:06:17","guid":{"rendered":"https:\/\/air-masters.com\/?post_type=product&#038;p=84053"},"modified":"2024-04-18T10:14:01","modified_gmt":"2024-04-18T08:14:01","slug":"lame-dair-extra-air-149s","status":"publish","type":"product","link":"https:\/\/air-masters.com\/fr\/lames-dair-extra\/lame-dair-extra-air-149s\/","title":{"rendered":"Lame d\u2019air extra AIR-149S"},"content":{"rendered":"","protected":false},"excerpt":{"rendered":"<p>Notre <strong>Lame d\u2019air extra<\/strong> AIR-149S, \u00e9quip\u00e9e de 4 buses, est enti\u00e8rement fabriqu\u00e9e en acier inoxydable 316L. Id\u00e9al pour les constructeurs de machines r\u00e9pondant \u00e0 toutes les exigences pour une solution puissante de soufflage d\u2019air.<\/p>\n<p>Nos\u00a0<strong>lames d\u2019air Extra\u00a0<\/strong>remplacent les tubes perfor\u00e9s en r\u00e9duisant consid\u00e9rablement le niveau sonore et la consommation d\u2019air et sont compos\u00e9s de buses en acier tr\u00e8s r\u00e9sistantes aux chocs et \u00e0 l\u2019usure m\u00e9canique. Ils sont conformes aux r\u00e9glementations OSHA. Des lames d\u2019air sur mesure peuvent \u00eatre fabriqu\u00e9es sur demande et sans co\u00fbt suppl\u00e9mentaire.<\/p>\n","protected":false},"featured_media":84070,"template":"","meta":{"_et_pb_use_builder":"","_et_pb_old_content":"","_et_gb_content_width":""},"product_cat":[22166],"product_tag":[],"class_list":{"0":"post-84053","1":"product","2":"type-product","3":"status-publish","4":"has-post-thumbnail","6":"product_cat-lames-dair-extra","8":"first","9":"instock","10":"shipping-taxable","11":"purchasable","12":"product-type-variable","13":"has-default-attributes"},"_links":{"self":[{"href":"https:\/\/air-masters.com\/fr\/wp-json\/wp\/v2\/product\/84053"}],"collection":[{"href":"https:\/\/air-masters.com\/fr\/wp-json\/wp\/v2\/product"}],"about":[{"href":"https:\/\/air-masters.com\/fr\/wp-json\/wp\/v2\/types\/product"}],"wp:featuredmedia":[{"embeddable":true,"href":"https:\/\/air-masters.com\/fr\/wp-json\/wp\/v2\/media\/84070"}],"wp:attachment":[{"href":"https:\/\/air-masters.com\/fr\/wp-json\/wp\/v2\/media?parent=84053"}],"wp:term":[{"taxonomy":"product_cat","embeddable":true,"href":"https:\/\/air-masters.com\/fr\/wp-json\/wp\/v2\/product_cat?post=84053"},{"taxonomy":"product_tag","embeddable":true,"href":"https:\/\/air-masters.com\/fr\/wp-json\/wp\/v2\/product_tag?post=84053"}],"curies":[{"name":"wp","href":"https:\/\/api.w.org\/{rel}","templated":true}]}}