{"id":84965,"date":"2025-03-13T13:06:52","date_gmt":"2025-03-13T12:06:52","guid":{"rendered":"https:\/\/air-masters.com\/?post_type=product&#038;p=84965"},"modified":"2025-03-27T10:13:24","modified_gmt":"2025-03-27T09:13:24","slug":"pistolet-pour-soufflage-de-trous-borgnes","status":"publish","type":"product","link":"https:\/\/air-masters.com\/fr\/pistolets-aspirateurs-airmasters\/pistolet-pour-soufflage-de-trous-borgnes\/","title":{"rendered":"Pistolet pour soufflage de trous borgnes"},"content":{"rendered":"<p class=\"\" data-start=\"2411\" data-end=\"2827\">Le nettoyage des trous borgnes ou profonds est une t\u00e2che critique mais difficile. Les buses traditionnelles ont tendance \u00e0 projeter les d\u00e9bris vers l&rsquo;ext\u00e9rieur, g\u00e9n\u00e9rant du d\u00e9sordre et des risques pour la s\u00e9curit\u00e9, en particulier dans les syst\u00e8mes automatis\u00e9s. Le nettoyage manuel pose \u00e9galement probl\u00e8me, n\u00e9cessitant un \u00e9quipement de protection et entra\u00eenant des conditions de travail dangereuses.<\/p>\n<p class=\"\" data-start=\"2829\" data-end=\"3225\" data-is-last-node=\"\">Pour r\u00e9pondre \u00e0 ces d\u00e9fis, Airmasters a d\u00e9velopp\u00e9 le <strong class=\"\" data-start=\"2882\" data-end=\"2912\">Blind Hole Cleaning System<\/strong>, con\u00e7u pour une \u00e9limination des d\u00e9bris plus s\u00fbre et plus efficace. Contrairement aux m\u00e9thodes conventionnelles qui peinent \u00e0 \u00e9quilibrer les actions de soufflage et d\u2019aspiration, ce syst\u00e8me utilise un puissant m\u00e9canisme de soufflage combin\u00e9 \u00e0 l&rsquo;effet Venturi pour extraire efficacement la poussi\u00e8re et les d\u00e9bris.<\/p>\n","protected":false},"excerpt":{"rendered":"<p>Le nettoyage des trous borgnes ou profonds est une t\u00e2che critique mais difficile. Les buses traditionnelles ont tendance \u00e0 projeter les d\u00e9bris vers l&rsquo;ext\u00e9rieur, g\u00e9n\u00e9rant du d\u00e9sordre et des risques pour la s\u00e9curit\u00e9, en particulier dans les syst\u00e8mes automatis\u00e9s. Le nettoyage manuel pose \u00e9galement probl\u00e8me, n\u00e9cessitant un \u00e9quipement de protection et entra\u00eenant des conditions de [&hellip;]<\/p>\n","protected":false},"featured_media":84956,"template":"","meta":{"_et_pb_use_builder":"","_et_pb_old_content":"","_et_gb_content_width":""},"product_cat":[22201],"product_tag":[],"class_list":{"0":"post-84965","1":"product","2":"type-product","3":"status-publish","4":"has-post-thumbnail","6":"product_cat-pistolets-aspirateurs-airmasters","8":"first","9":"instock","10":"shipping-taxable","11":"purchasable","12":"product-type-simple"},"_links":{"self":[{"href":"https:\/\/air-masters.com\/fr\/wp-json\/wp\/v2\/product\/84965"}],"collection":[{"href":"https:\/\/air-masters.com\/fr\/wp-json\/wp\/v2\/product"}],"about":[{"href":"https:\/\/air-masters.com\/fr\/wp-json\/wp\/v2\/types\/product"}],"wp:featuredmedia":[{"embeddable":true,"href":"https:\/\/air-masters.com\/fr\/wp-json\/wp\/v2\/media\/84956"}],"wp:attachment":[{"href":"https:\/\/air-masters.com\/fr\/wp-json\/wp\/v2\/media?parent=84965"}],"wp:term":[{"taxonomy":"product_cat","embeddable":true,"href":"https:\/\/air-masters.com\/fr\/wp-json\/wp\/v2\/product_cat?post=84965"},{"taxonomy":"product_tag","embeddable":true,"href":"https:\/\/air-masters.com\/fr\/wp-json\/wp\/v2\/product_tag?post=84965"}],"curies":[{"name":"wp","href":"https:\/\/api.w.org\/{rel}","templated":true}]}}