{"id":85201,"date":"2025-06-13T11:29:41","date_gmt":"2025-06-13T09:29:41","guid":{"rendered":"https:\/\/air-masters.com\/?post_type=product&#038;p=85201"},"modified":"2025-06-13T11:47:03","modified_gmt":"2025-06-13T09:47:03","slug":"pistolet-de-securite-avec-force-de-soufflage-elevee-airmasters-500mm-m107s","status":"publish","type":"product","link":"https:\/\/air-masters.com\/fr\/pistolets-de-soufflage-a-air-comprime\/pistolet-de-securite-avec-force-de-soufflage-elevee-airmasters-500mm-m107s\/","title":{"rendered":"Pistolet de s\u00e9curit\u00e9 avec force de soufflage \u00e9lev\u00e9e AIRMASTERS 500mm M107S"},"content":{"rendered":"","protected":false},"excerpt":{"rendered":"<p><b>Le pistolet de soufflage \u00e0 air comprim\u00e9 AIRMASTERS<\/b> haute performance est largement utilis\u00e9 dans l\u2019industrie pour le nettoyage, le s\u00e9chage et le refroidissement pour des applications particuli\u00e8res. Lorsqu\u2019un pistolet de soufflage standard se montre insuffisant ou qu&rsquo;une force \u00e9lev\u00e9e de soufflage est requise, notre pistolet de soufflage \u00e0 air comprim\u00e9 AIRMASTERS haute performance constitue la solution id\u00e9ale car il utilise la puissance de l&rsquo;air de mani\u00e8re efficace et optimis\u00e9e.<\/p>\n<div><\/div>\n<div><b>Le pistolet de soufflage \u00e0 air comprim\u00e9 AIRMASTERS<\/b> haute performance est la solution low-cost, l\u00e9g\u00e8re, \u00e0 faible consommation d\u2019air et a bas niveau sonore.<\/div>\n<div><\/div>\n<div><b>Pistolet de s\u00e9curit\u00e9 avec force de soufflage \u00e9lev\u00e9e AIRMASTERS 500mm M107S<\/b><\/div>\n","protected":false},"featured_media":85213,"template":"","meta":{"_et_pb_use_builder":"","_et_pb_old_content":"","_et_gb_content_width":""},"product_cat":[22196],"product_tag":[],"class_list":{"0":"post-85201","1":"product","2":"type-product","3":"status-publish","4":"has-post-thumbnail","6":"product_cat-pistolets-de-soufflage-a-air-comprime","8":"first","9":"instock","10":"shipping-taxable","11":"purchasable","12":"product-type-variable","13":"has-default-attributes"},"_links":{"self":[{"href":"https:\/\/air-masters.com\/fr\/wp-json\/wp\/v2\/product\/85201"}],"collection":[{"href":"https:\/\/air-masters.com\/fr\/wp-json\/wp\/v2\/product"}],"about":[{"href":"https:\/\/air-masters.com\/fr\/wp-json\/wp\/v2\/types\/product"}],"wp:featuredmedia":[{"embeddable":true,"href":"https:\/\/air-masters.com\/fr\/wp-json\/wp\/v2\/media\/85213"}],"wp:attachment":[{"href":"https:\/\/air-masters.com\/fr\/wp-json\/wp\/v2\/media?parent=85201"}],"wp:term":[{"taxonomy":"product_cat","embeddable":true,"href":"https:\/\/air-masters.com\/fr\/wp-json\/wp\/v2\/product_cat?post=85201"},{"taxonomy":"product_tag","embeddable":true,"href":"https:\/\/air-masters.com\/fr\/wp-json\/wp\/v2\/product_tag?post=85201"}],"curies":[{"name":"wp","href":"https:\/\/api.w.org\/{rel}","templated":true}]}}