{"id":85291,"date":"2025-11-06T11:37:33","date_gmt":"2025-11-06T10:37:33","guid":{"rendered":"https:\/\/air-masters.com\/?post_type=product&#038;p=85291"},"modified":"2025-11-06T12:34:36","modified_gmt":"2025-11-06T11:34:36","slug":"anneau-de-soufflage-air-aw12-oint-320mm","status":"publish","type":"product","link":"https:\/\/air-masters.com\/fr\/anneaux-de-soufflage\/anneau-de-soufflage-air-aw12-oint-320mm\/","title":{"rendered":"Anneau de soufflage AIR-AW12 \u00d8Int. 320mm"},"content":{"rendered":"","protected":false},"excerpt":{"rendered":"<p><b>Anneau de soufflage<\/b>, nettoyage, refroidissement, et s\u00e9chage de c\u00e2bles, conduits, extrusions, tuyaux en plastique et en m\u00e9tal, fils m\u00e9talliques et cordes. Flux variable et uniforme. Facile d\u2019installation et d\u2019entretien et r\u00e9duit consid\u00e9rablement la\u00a0<b>consommation d\u2019air comprim\u00e9<\/b>\u00a0ainsi que le niveau sonore.<\/p>\n<p>Il produit un flux d\u2019air laminaire gr\u00e2ce a l\u2019effet COANDA, qui entraine un grand volume d\u2019air de la zone environnante avec une petite quantit\u00e9 d\u2019air comprim\u00e9 de l&rsquo;<b>Anneau de soufflage\u00a0<\/b>pour produire un d\u00e9bit jusqu\u2019\u00e0 30 fois plus important. Les \u00e9conomies d\u2019air r\u00e9alis\u00e9es par le syst\u00e8me d\u2019<b>anneaux de soufflage\u00a0<\/b>peuvent apporter un retour sur investissement en quelques semaines, en comparaison des anneaux \u00e0 buses ou fentes annulaires utilis\u00e9es dans certains syst\u00e8mes.<\/p>\n<p><b>Anneau de soufflage\u00a0<\/b>Mod. AIR-AW12 \u00d8Int. 320mm<\/p>\n","protected":false},"featured_media":69536,"template":"","meta":{"_et_pb_use_builder":"","_et_pb_old_content":"","_et_gb_content_width":""},"product_cat":[22151],"product_tag":[],"class_list":{"0":"post-85291","1":"product","2":"type-product","3":"status-publish","4":"has-post-thumbnail","6":"product_cat-anneaux-de-soufflage","8":"first","9":"instock","10":"shipping-taxable","11":"purchasable","12":"product-type-variable","13":"has-default-attributes"},"_links":{"self":[{"href":"https:\/\/air-masters.com\/fr\/wp-json\/wp\/v2\/product\/85291"}],"collection":[{"href":"https:\/\/air-masters.com\/fr\/wp-json\/wp\/v2\/product"}],"about":[{"href":"https:\/\/air-masters.com\/fr\/wp-json\/wp\/v2\/types\/product"}],"wp:featuredmedia":[{"embeddable":true,"href":"https:\/\/air-masters.com\/fr\/wp-json\/wp\/v2\/media\/69536"}],"wp:attachment":[{"href":"https:\/\/air-masters.com\/fr\/wp-json\/wp\/v2\/media?parent=85291"}],"wp:term":[{"taxonomy":"product_cat","embeddable":true,"href":"https:\/\/air-masters.com\/fr\/wp-json\/wp\/v2\/product_cat?post=85291"},{"taxonomy":"product_tag","embeddable":true,"href":"https:\/\/air-masters.com\/fr\/wp-json\/wp\/v2\/product_tag?post=85291"}],"curies":[{"name":"wp","href":"https:\/\/api.w.org\/{rel}","templated":true}]}}