{"id":71770,"date":"2014-10-25T16:47:21","date_gmt":"2014-10-25T14:47:21","guid":{"rendered":"https:\/\/air-masters.com\/tubi-a-vortice-it\/tubo-a-vortice-air-m25h\/"},"modified":"2014-10-25T16:47:21","modified_gmt":"2014-10-25T14:47:21","slug":"tubo-a-vortice-air-m25h","status":"publish","type":"product","link":"https:\/\/air-masters.com\/it\/tubi-a-vortice\/tubo-a-vortice-air-m25h\/","title":{"rendered":"Tubo a vortice AIR-M25H"},"content":{"rendered":"","protected":false},"excerpt":{"rendered":"<p>Il\u00a0<strong>tubo a vortice<\/strong>\u00a0\u00e8 realizzato\u00a0in acciaio\u00a0inossidabile ed \u00e8 costituito da un generatore ed una valvola in ottone che ne consente l&#8217;utilizzo nella maggior parte degli ambienti, garantisce la durata e la compatibilit\u00e0 del prodotto (la maggior parte dei\u00a0<strong>tubi a vortice<\/strong>\u00a0concorrenti illudono, da parte loro, generatori di plastica). \u00c8 quindi particolarmente adatto in ambienti ad alta temperatura, evitando cos\u00ec il costo di un investimento aggiuntivo. Le temperature di funzionamento vanno da -46\u00baC a +127\u00baC. Il design unico del\u00a0<strong>tubo Vortex<\/strong>\u00a0e i materiali di qualit\u00e0 utilizzati per la fabbricazione garantiranno anni di prestazioni esenti da manutenzione. Il\u00a0<strong>tubo a vortice<\/strong>\u00a0\u00e8 un dispositivo che funziona utilizzando una fornitura standard di aria compressa.<\/p>\n<p>L\u2019aria che entra nel\u00a0<strong>tubo a vortice<\/strong>\u00a0\u00e8 divisa in due parti: aria fredda ad una estremit\u00e0, aria calda all&#8217;altra estremit\u00e0. Il\u00a0<strong>tubo a vortice<\/strong>\u00a0ha una valvola regolabile sul lato caldo, che controlla il flusso e la temperatura dell&#8217;aria che esce dal lato freddo. Regolando la valvola, si controlla la &#8220;frazione fredda&#8221;, che rappresenta la percentuale di tutta l&#8217;aria compressa che entra nel lato freddo del tubo vorrei. Esistono 24 tipi di generatori con capacit\u00e0 diverse per il nostro tubo a vortice.<\/p>\n<p>Raccomandiamo una pressione di 7 bar per il loro uso.<\/p>\n<p><b>Tubo a vortice\u00a0<\/b>Mod. AIR-M25H<\/p>\n<p>Vedi anche:\u00a0<a href=\"https:\/\/www.air-masters.eu\/it\/57-condizionatori-quadri-elettrici\">CONDIZIONATORI QUADRI ELETTRICI<\/a>,\u00a0<a href=\"https:\/\/www.air-masters.eu\/it\/73-raffreddatori-utensili\">RAFFREDDATORI UTENSILI\u00a0<\/a><b>\u00a0<\/b><\/p>\n<\/p>\n<p><a href=\"\/it\/contattaci\"><button class=\"btn btn-default btn-google-plus social-sharing\" type=\"button\">RICHIEDI QUESTO PRODOTTO IN PROVA!<\/button><\/a><\/p>\n<p style=\"display: none;\">Scaricate il PDF\u00a0Doc per maggiori informazioni:<\/p>\n<p><a href=\"http:\/\/www.air-masters.eu\/it\/index.php?controller=attachment&#038;id_attachment=173\"><button class=\"btn btn-warning btn-xs\" type=\"button\">Scheda Tecnica<\/button><\/a>\u00a0<a href=\"http:\/\/www.air-masters.eu\/it\/index.php?controller=attachment&#038;id_attachment=127\"><button class=\"btn btn-primary btn-xs\" type=\"button\">Outline Pdf<\/button><\/a>\u00a0<a href=\"http:\/\/www.air-masters.eu\/it\/index.php?controller=attachment&#038;id_attachment=131\"><button class=\"btn btn-danger btn-xs\" type=\"button\">Outline Dwg<\/button><\/a><\/p>\n<div id=\"rtcc-nm-installed\"><\/div>\n<div id=\"rtcc-nm-installed\"><\/div>\n<div id=\"rtcc-nm-installed\"><\/div>\n<div id=\"rtcc-nm-installed\"><\/div>\n","protected":false},"featured_media":71728,"template":"","meta":{"_et_pb_use_builder":"","_et_pb_old_content":"","_et_gb_content_width":""},"product_cat":[22160],"product_tag":[],"class_list":{"0":"post-71770","1":"product","2":"type-product","3":"status-publish","4":"has-post-thumbnail","6":"product_cat-tubi-a-vortice","8":"first","9":"instock","10":"shipping-taxable","11":"purchasable","12":"product-type-variable","13":"has-default-attributes"},"_links":{"self":[{"href":"https:\/\/air-masters.com\/it\/wp-json\/wp\/v2\/product\/71770"}],"collection":[{"href":"https:\/\/air-masters.com\/it\/wp-json\/wp\/v2\/product"}],"about":[{"href":"https:\/\/air-masters.com\/it\/wp-json\/wp\/v2\/types\/product"}],"wp:featuredmedia":[{"embeddable":true,"href":"https:\/\/air-masters.com\/it\/wp-json\/wp\/v2\/media\/71728"}],"wp:attachment":[{"href":"https:\/\/air-masters.com\/it\/wp-json\/wp\/v2\/media?parent=71770"}],"wp:term":[{"taxonomy":"product_cat","embeddable":true,"href":"https:\/\/air-masters.com\/it\/wp-json\/wp\/v2\/product_cat?post=71770"},{"taxonomy":"product_tag","embeddable":true,"href":"https:\/\/air-masters.com\/it\/wp-json\/wp\/v2\/product_tag?post=71770"}],"curies":[{"name":"wp","href":"https:\/\/api.w.org\/{rel}","templated":true}]}}